{"id":2679,"date":"2023-12-13T14:00:58","date_gmt":"2023-12-13T13:00:58","guid":{"rendered":"https:\/\/feimem.web.uah.es\/?page_id=2679"},"modified":"2025-11-04T18:52:15","modified_gmt":"2025-11-04T17:52:15","slug":"programa","status":"publish","type":"page","link":"https:\/\/feimem.web.uah.es\/index.php\/programa\/","title":{"rendered":"Programa"},"content":{"rendered":"\n<p class=\"has-medium-font-size\"><strong>TALLERES Y ACTIVIDADES<\/strong><\/p>\n\n\n\n<p><\/p>\n\n\n\n<p><\/p>\n\n\n\n<p class=\"has-primary-color has-text-color has-link-color wp-elements-dfc966fd6528c85b9b73d1c6c6829191\"><strong>Actividad 1: Apertura, p<\/strong><strong>resentaci\u00f3n, mesa redonda y debate<\/strong><\/p>\n\n\n\n<p class=\"has-primary-color has-text-color has-link-color wp-elements-7f1841f9fce24d7cbf9e53bf8edb88a7\"><em>Jornada de inicio de los seminarios del proyecto <\/em>\u00abFEIMEM\u00bb.<\/p>\n\n\n\n<p class=\"has-primary-color has-text-color has-link-color wp-elements-145c643efefb778e8769d5bbe7dca27f\"><strong>Fecha:<\/strong> 30 enero 2024<\/p>\n\n\n\n<p class=\"has-primary-color has-text-color has-link-color wp-elements-bd447d293c7bc04df1144d4d9516d596\"><strong>Hora: <\/strong>12:00 a 14:00<\/p>\n\n\n\n<p class=\"has-primary-color has-text-color has-link-color wp-elements-0451937989cc2bf8c7c91f9dceba1115\"><strong>Lugar:<\/strong> Sala de Conferencias Internacionales (Rectorado de la Universidad de Alcal\u00e1) <\/p>\n\n\n\n<p class=\"has-primary-color has-text-color has-link-color wp-elements-dc874d423585e7ae7d5cee67ff638df3\"><strong>Ponente<\/strong>: Sonia N\u00fa\u00f1ez, Catedr\u00e1tica de la Universidad Rey Juan Carlos<br><strong>Mesa redonda <\/strong>con la Asociaci\u00f3n Guada ACOGE, ACCEM y Karibu.<\/p>\n\n\n\n<div style=\"height:36px\" aria-hidden=\"true\" class=\"wp-block-spacer\"><\/div>\n\n\n\n<p class=\"has-primary-color has-text-color has-link-color wp-elements-a58e2ca445dec79ba818020c21c3c248\"><strong><a href=\"https:\/\/universidaddealcala-my.sharepoint.com\/:v:\/g\/personal\/silvia_damianova_uah_es\/ET2cth3MWgFMgJzJmugXV28BVXHCbHXftFVuJrcMceOLXA?e=OV4M65&amp;nav=eyJyZWZlcnJhbEluZm8iOnsicmVmZXJyYWxBcHAiOiJTdHJlYW1XZWJBcHAiLCJyZWZlcnJhbFZpZXciOiJTaGFyZURpYWxvZy1MaW5rIiwicmVmZXJyYWxBcHBQbGF0Zm9ybSI6IldlYiIsInJlZmVycmFsTW9kZSI6InZpZXcifX0%3D\" target=\"_blank\" rel=\"noreferrer noopener\">Grabaci\u00f3n del evento: <\/a><\/strong><a href=\"https:\/\/universidaddealcala-my.sharepoint.com\/:v:\/g\/personal\/silvia_damianova_uah_es\/ET2cth3MWgFMgJzJmugXV28BVXHCbHXftFVuJrcMceOLXA?e=OV4M65&amp;nav=eyJyZWZlcnJhbEluZm8iOnsicmVmZXJyYWxBcHAiOiJTdHJlYW1XZWJBcHAiLCJyZWZlcnJhbFZpZXciOiJTaGFyZURpYWxvZy1MaW5rIiwicmVmZXJyYWxBcHBQbGF0Zm9ybSI6IldlYiIsInJlZmVycmFsTW9kZSI6InZpZXcifX0%3D\" target=\"_blank\" rel=\"noreferrer noopener\">Aqu\u00ed<strong> <\/strong><\/a><strong> <\/strong><\/p>\n\n\n\n<p class=\"has-primary-color has-text-color has-link-color wp-elements-c283ea06e6491b6596db4e5c6c598a9e\"><br><\/p>\n\n\n\n<hr class=\"wp-block-separator has-alpha-channel-opacity\"\/>\n\n\n\n<div style=\"height:41px\" aria-hidden=\"true\" class=\"wp-block-spacer\"><\/div>\n\n\n\n<p><\/p>\n\n\n\n<p class=\"has-primary-color has-text-color has-link-color wp-elements-3f55f6e1d6aa77cdd51afe43035e30d3\"><strong>Actividad 2 y Taller 1<\/strong><\/p>\n\n\n\n<p class=\"has-primary-color has-text-color has-link-color wp-elements-6eb7322bf4fccfcdfaa4136375e88422\"><em>Comunicaci\u00f3n con poblaci\u00f3n migrante<\/em>. Taller dirigido a mujeres <strong>ucranianas<\/strong>.<\/p>\n\n\n\n<p class=\"has-primary-color has-text-color has-link-color wp-elements-c8faf2c2298ed2df0de532ca9e3f31b9\"><strong>Fecha<\/strong>: 21 febrero 2024 <\/p>\n\n\n\n<p class=\"has-primary-color has-text-color has-link-color wp-elements-861e84bc41836540981b024e203ec22e\"><strong>Hora:<\/strong> 11:00 a 12:30<\/p>\n\n\n\n<p class=\"has-primary-color has-text-color has-link-color wp-elements-7a20d86c69a13a8737d86960f3b2093f\"><strong>Lugar:<\/strong> Sal\u00f3n de Actos de Filosof\u00eda y Letras (Colegio de M\u00e1laga, Universidad de Alcal\u00e1) y Zoom<\/p>\n\n\n\n<p class=\"has-primary-color has-text-color has-link-color wp-elements-eb714a25dcdd8f3622f68c3270886a62\"><strong>Ponente: <\/strong>Almudena Nevado, profesora ayudante doctora en la Universidad San Jorge de Zaragoza<\/p>\n\n\n\n<p class=\"has-primary-color has-text-color has-link-color wp-elements-217c182d3051cb4f14e9a076afb4885a\"><strong>Taller: <\/strong>Impartido por Oksana Stopets Zayets Centro cultural-educativo \u201cDyvosvit\u201d Alcorc\u00f3n (Madrid) <br><\/p>\n\n\n\n<div style=\"height:36px\" aria-hidden=\"true\" class=\"wp-block-spacer\"><\/div>\n\n\n\n<p class=\"has-primary-color has-text-color has-link-color wp-elements-19211fabc32a3c01701a6e473bf92ffc\"><strong>Grabaci\u00f3n de la conferencia : <\/strong><a href=\"https:\/\/universidaddealcala-my.sharepoint.com\/:v:\/g\/personal\/silvia_damianova_uah_es\/Ebgfgz4F9b9IsQT7F8qqo_wBuyHXntWzcS9STQB5uHsEjg?e=aOeSxK&amp;nav=eyJyZWZlcnJhbEluZm8iOnsicmVmZXJyYWxBcHAiOiJTdHJlYW1XZWJBcHAiLCJyZWZlcnJhbFZpZXciOiJTaGFyZURpYWxvZy1MaW5rIiwicmVmZXJyYWxBcHBQbGF0Zm9ybSI6IldlYiIsInJlZmVycmFsTW9kZSI6InZpZXcifX0%3D\" target=\"_blank\" rel=\"noreferrer noopener\">Almudena Nevado<\/a><\/p>\n\n\n\n<p class=\"has-primary-color has-text-color has-link-color wp-elements-e81512ee83c4e5a046138fc70cec4c60\"><strong>Grabaci\u00f3n del taller : <\/strong><a href=\"https:\/\/universidaddealcala-my.sharepoint.com\/:v:\/g\/personal\/silvia_damianova_uah_es\/EQCbwLTBMf9NlcMdvbufjAMBVpdB17H9pzEBxbgrj5OC9w?e=cJfwvf&amp;nav=eyJyZWZlcnJhbEluZm8iOnsicmVmZXJyYWxBcHAiOiJTdHJlYW1XZWJBcHAiLCJyZWZlcnJhbFZpZXciOiJTaGFyZURpYWxvZy1MaW5rIiwicmVmZXJyYWxBcHBQbGF0Zm9ybSI6IldlYiIsInJlZmVycmFsTW9kZSI6InZpZXcifX0%3D\" target=\"_blank\" rel=\"noreferrer noopener\">Oksana Stopets &#8211; Kateryna Bondarenko<\/a><br><\/p>\n\n\n\n<div style=\"height:36px\" aria-hidden=\"true\" class=\"wp-block-spacer\"><\/div>\n\n\n\n<p class=\"has-primary-color has-text-color has-link-color wp-elements-b8793703248a6e1385fc67cf48464515\"><strong>Actividad 3 y Taller 2<\/strong><\/p>\n\n\n\n<p class=\"has-primary-color has-text-color has-link-color wp-elements-3e1172bb83044a0efafefe24fcda2080\"><em>Formas de comunicaci\u00f3n<\/em>: Mediaci\u00f3n, Traducci\u00f3n e Interpretaci\u00f3n. Taller dirigido a mujeres <strong>afganas<\/strong>.<\/p>\n\n\n\n<p class=\"has-primary-color has-text-color has-link-color wp-elements-e415e26ea7a7026ed87c75ae8de20ba6\"><strong>Fecha:<\/strong> 21 febrero 2024<\/p>\n\n\n\n<p class=\"has-primary-color has-text-color has-link-color wp-elements-d7e7f187d1884a7e4232ed1c34623d12\"><strong>Hora:<\/strong> 13:00 a 14:30<\/p>\n\n\n\n<p class=\"has-primary-color has-text-color has-link-color wp-elements-7a20d86c69a13a8737d86960f3b2093f\"><strong>Lugar:<\/strong> Sal\u00f3n de Actos de Filosof\u00eda y Letras (Colegio de M\u00e1laga, Universidad de Alcal\u00e1) y Zoom<\/p>\n\n\n\n<p class=\"has-primary-color has-text-color has-link-color wp-elements-63b5652c957decae7b07a712ff28e8a8\"><strong>Ponente: <\/strong>Silvia Damianova, investigadora en la Universidad de Alcal\u00e1<\/p>\n\n\n\n<p class=\"has-primary-color has-text-color has-link-color wp-elements-ea6736d8d7b09d4625c4a9111af7c32d\"><strong>Taller: <\/strong>Impartido por Roya Daliri Ghamari, traductora e int\u00e9rprete (farsi, dar\u00ed, urdu)<\/p>\n\n\n\n<div style=\"height:43px\" aria-hidden=\"true\" class=\"wp-block-spacer\"><\/div>\n\n\n\n<p><\/p>\n\n\n\n<p class=\"has-primary-color has-text-color has-link-color wp-elements-ece44643d0d3d41bf505ac3c18f3fa66\"><strong>Grabaci\u00f3n de la conferencia : <\/strong><a href=\"https:\/\/universidaddealcala-my.sharepoint.com\/:v:\/g\/personal\/silvia_damianova_uah_es\/EbKuVhckuk1Bn1j6CvS68foB8ar6CFrX-QvNS6GwjpX2mA?e=Y8gVjY&amp;nav=eyJyZWZlcnJhbEluZm8iOnsicmVmZXJyYWxBcHAiOiJTdHJlYW1XZWJBcHAiLCJyZWZlcnJhbFZpZXciOiJTaGFyZURpYWxvZy1MaW5rIiwicmVmZXJyYWxBcHBQbGF0Zm9ybSI6IldlYiIsInJlZmVycmFsTW9kZSI6InZpZXcifX0%3D\" target=\"_blank\" rel=\"noreferrer noopener\">Silvia Damianova<\/a><\/p>\n\n\n\n<p class=\"has-primary-color has-text-color has-link-color wp-elements-2ec1f4f270bd876f1e1af4b5cafab775\"><strong>Grabaci\u00f3n del taller : <\/strong><a href=\"https:\/\/universidaddealcala-my.sharepoint.com\/:v:\/g\/personal\/silvia_damianova_uah_es\/EUjkQilweV1Jj0wDMQCHiKABh25z-NVCbUuuOp1DCQqTnQ?e=GN7U9e&amp;nav=eyJyZWZlcnJhbEluZm8iOnsicmVmZXJyYWxBcHAiOiJTdHJlYW1XZWJBcHAiLCJyZWZlcnJhbFZpZXciOiJTaGFyZURpYWxvZy1MaW5rIiwicmVmZXJyYWxBcHBQbGF0Zm9ybSI6IldlYiIsInJlZmVycmFsTW9kZSI6InZpZXcifX0%3D\" target=\"_blank\" rel=\"noreferrer noopener\">Roya Daliri<\/a><\/p>\n\n\n\n<p class=\"has-primary-color has-text-color has-link-color wp-elements-f53d0f2000e7e509d3e7c91eff2b425b\"><\/p>\n\n\n\n<div style=\"height:54px\" aria-hidden=\"true\" class=\"wp-block-spacer\"><\/div>\n\n\n\n<hr class=\"wp-block-separator has-alpha-channel-opacity\"\/>\n\n\n\n<p class=\"has-primary-color has-text-color has-link-color wp-elements-2fb0d936ac15a4e05f74b1acfcf8fcd7\"><strong>Actividad 4 y Taller 3<\/strong><\/p>\n\n\n\n<p class=\"has-primary-color has-text-color has-link-color wp-elements-0c300cf988332f30e38b638490e4a7a0\"><em>C\u00f3digos de conducta. Gu\u00edas de la buena pr\u00e1ctica<\/em>. Taller dirigido a mujeres <strong>\u00e1rabes<\/strong>. <\/p>\n\n\n\n<p class=\"has-primary-color has-text-color has-link-color wp-elements-447c891ad5b521e619e3896f988eb649\"><strong>Fecha:<\/strong> 10 abril 2024<\/p>\n\n\n\n<p class=\"has-primary-color has-text-color has-link-color wp-elements-861e84bc41836540981b024e203ec22e\"><strong>Hora:<\/strong> 11:00 a 12:30<\/p>\n\n\n\n<p class=\"has-primary-color has-text-color has-link-color wp-elements-dede7eeb07fc603dbf788039b7a21fcb\"><strong>Lugar:<\/strong> Sala de grados (Edificio de Educaci\u00f3n, Guadalajara, Universidad de Alcal\u00e1) y Zoom<\/p>\n\n\n\n<p class=\"has-primary-color has-text-color has-link-color wp-elements-45bde57430223cf6be39fbb21a890db2\"><strong>Ponente: <\/strong>Diego Mu\u00f1oz Carrobles, profesor en la Universidad de Alcal\u00e1<\/p>\n\n\n\n<p class=\"has-primary-color has-text-color has-link-color wp-elements-326f82dac3da3da73175d3d354631486\"><strong>Taller: I<\/strong>mpartido por Houria Yousfi, traductora e int\u00e9rprete<\/p>\n\n\n\n<div style=\"height:36px\" aria-hidden=\"true\" class=\"wp-block-spacer\"><\/div>\n\n\n\n<p class=\"has-primary-color has-text-color has-link-color wp-elements-f53d0f2000e7e509d3e7c91eff2b425b\"><\/p>\n\n\n\n<p class=\"has-primary-color has-text-color has-link-color wp-elements-515a3effdf607e0f74baf403352fbdea\"><strong>Grabaci\u00f3n de la conferencia : <\/strong><a href=\"https:\/\/universidaddealcala-my.sharepoint.com\/:v:\/g\/personal\/silvia_damianova_uah_es\/EWSFyJnEU8xAgcuzNb51K58B1I715v_MZFfb59NKpTVPBA?nav=eyJyZWZlcnJhbEluZm8iOnsicmVmZXJyYWxBcHAiOiJTdHJlYW1XZWJBcHAiLCJyZWZlcnJhbFZpZXciOiJTaGFyZURpYWxvZy1MaW5rIiwicmVmZXJyYWxBcHBQbGF0Zm9ybSI6IldlYiIsInJlZmVycmFsTW9kZSI6InZpZXcifX0%3D&amp;e=Tjhv2N\" target=\"_blank\" rel=\"noreferrer noopener\">Diego Mu\u00f1oz<\/a><\/p>\n\n\n\n<p class=\"has-primary-color has-text-color has-link-color wp-elements-0334849c11c91b0b26a350e461c69e8b\"><strong>Grabaci\u00f3n del taller : <\/strong><a href=\"https:\/\/universidaddealcala-my.sharepoint.com\/:v:\/g\/personal\/silvia_damianova_uah_es\/EbSdtxILAqtPtl7O-JBoYkwBtLjmviXkufhWow_eOVj3Ew?nav=eyJyZWZlcnJhbEluZm8iOnsicmVmZXJyYWxBcHAiOiJTdHJlYW1XZWJBcHAiLCJyZWZlcnJhbFZpZXciOiJTaGFyZURpYWxvZy1MaW5rIiwicmVmZXJyYWxBcHBQbGF0Zm9ybSI6IldlYiIsInJlZmVycmFsTW9kZSI6InZpZXcifX0%3D&amp;e=U44wEB\" target=\"_blank\" rel=\"noreferrer noopener\">Houria Yousfi<\/a><\/p>\n\n\n\n<p><\/p>\n\n\n\n<div style=\"height:36px\" aria-hidden=\"true\" class=\"wp-block-spacer\"><\/div>\n\n\n\n<p class=\"has-primary-color has-text-color has-link-color wp-elements-a93b35e56f8c3dee91eacaef9c0c4487\"><strong>Actividad 5 y Taller 4<\/strong><\/p>\n\n\n\n<p class=\"has-primary-color has-text-color has-link-color wp-elements-9d009216348b21ea62deae728067d43d\"><em>Mediaci\u00f3n social, estrategias para la convivencia y actuar en situaciones conflictivas y gesti\u00f3n de emociones y trabajo en equipo<\/em>. Taller dirigido a mujeres <strong>africanas<\/strong>.<\/p>\n\n\n\n<p class=\"has-primary-color has-text-color has-link-color wp-elements-447c891ad5b521e619e3896f988eb649\"><strong>Fecha:<\/strong> 10 abril 2024<\/p>\n\n\n\n<p class=\"has-primary-color has-text-color has-link-color wp-elements-d7e7f187d1884a7e4232ed1c34623d12\"><strong>Hora:<\/strong> 13:00 a 14:30<\/p>\n\n\n\n<p class=\"has-primary-color has-text-color has-link-color wp-elements-dede7eeb07fc603dbf788039b7a21fcb\"><strong>Lugar:<\/strong> Sala de grados (Edificio de Educaci\u00f3n, Guadalajara, Universidad de Alcal\u00e1) y Zoom<\/p>\n\n\n\n<p class=\"has-primary-color has-text-color has-link-color wp-elements-9ea6f47bee1349ce9ec7624d44783f99\"><strong>Ponente: <\/strong>Xana Mateos<\/p>\n\n\n\n<p class=\"has-primary-color has-text-color has-link-color wp-elements-7a937940a2ee53d853775aeb1824d4f0\"><strong>Taller: <\/strong>Impartido por Nicole Ndongala, directora de la Asociaci\u00f3n Karibu<br><\/p>\n\n\n\n<div style=\"height:36px\" aria-hidden=\"true\" class=\"wp-block-spacer\"><\/div>\n\n\n\n<p class=\"has-primary-color has-text-color has-link-color wp-elements-f53d0f2000e7e509d3e7c91eff2b425b\"><\/p>\n\n\n\n<p class=\"has-primary-color has-text-color has-link-color wp-elements-e47eea5eba1ab1b9da9fee934ae70896\"><strong>Grabaci\u00f3n de la conferencia : <\/strong><a href=\"https:\/\/universidaddealcala-my.sharepoint.com\/:v:\/g\/personal\/silvia_damianova_uah_es\/ETa-q9Edc2JCpCwI6MmnXIQBtWIxDP6sIbmxFIFgXLPxyQ?nav=eyJyZWZlcnJhbEluZm8iOnsicmVmZXJyYWxBcHAiOiJTdHJlYW1XZWJBcHAiLCJyZWZlcnJhbFZpZXciOiJTaGFyZURpYWxvZy1MaW5rIiwicmVmZXJyYWxBcHBQbGF0Zm9ybSI6IldlYiIsInJlZmVycmFsTW9kZSI6InZpZXcifX0%3D&amp;e=CghhlP\" target=\"_blank\" rel=\"noreferrer noopener\">Xana Mateos<\/a><\/p>\n\n\n\n<p class=\"has-primary-color has-text-color has-link-color wp-elements-191507a937d1f3c6b84f8cabde1006df\"><strong>Grabaci\u00f3n del taller : <\/strong><a href=\"https:\/\/universidaddealcala-my.sharepoint.com\/:v:\/g\/personal\/silvia_damianova_uah_es\/ES5O6Uqo-fpIp_Hz-WOw2VgBko0jOUCfayHCSGLwt6aQBA?nav=eyJyZWZlcnJhbEluZm8iOnsicmVmZXJyYWxBcHAiOiJTdHJlYW1XZWJBcHAiLCJyZWZlcnJhbFZpZXciOiJTaGFyZURpYWxvZy1MaW5rIiwicmVmZXJyYWxBcHBQbGF0Zm9ybSI6IldlYiIsInJlZmVycmFsTW9kZSI6InZpZXcifX0%3D&amp;e=jhfmD3\" target=\"_blank\" rel=\"noreferrer noopener\">Nicole Ndongala<\/a><\/p>\n\n\n\n<div style=\"height:39px\" aria-hidden=\"true\" class=\"wp-block-spacer\"><\/div>\n\n\n\n<hr class=\"wp-block-separator has-alpha-channel-opacity\"\/>\n\n\n\n<p class=\"has-primary-color has-text-color has-link-color wp-elements-7564fe654dcd04ed91dffa8337968655\"><strong>Clausura<\/strong>: <strong>Seminario y debate<\/strong><\/p>\n\n\n\n<p class=\"has-primary-color has-text-color has-link-color wp-elements-c22b6f47c393602a79af281acd06eb9f\">Jornada de clausura. Realizaci\u00f3n de una mesa redonda y un foro de debate con la participaci\u00f3n de formadores investigadores.<\/p>\n\n\n\n<p class=\"has-primary-color has-text-color has-link-color wp-elements-80af7cf9f751432727968b6199485dbb\"><strong>Fecha:<\/strong> 22 mayo 2024<\/p>\n\n\n\n<p class=\"has-primary-color has-text-color has-link-color wp-elements-94d9f22337136daa551f1e2403cf5c75\"><strong>Hora:<\/strong> 12:00 a 14:00<\/p>\n\n\n\n<p class=\"has-primary-color has-text-color has-link-color wp-elements-4c45dc3ce463f9d23ffd4cb25aae8469\"><strong>Lugar:<\/strong> Sala de Conferencias Internacionales (Rectorado Universidad de Alcal\u00e1) <br><\/p>\n\n\n\n<div style=\"height:39px\" aria-hidden=\"true\" class=\"wp-block-spacer\"><\/div>\n\n\n\n<p class=\"has-primary-color has-text-color has-link-color wp-elements-e12eec705e328a9bf881c65c85473878\"><a href=\"https:\/\/universidaddealcala-my.sharepoint.com\/:v:\/g\/personal\/silvia_damianova_uah_es\/EZN6KGFPUIRJo3HAghcs0RcBdWqSqJA7s1k-m1njREvqhw?nav=eyJyZWZlcnJhbEluZm8iOnsicmVmZXJyYWxBcHAiOiJTdHJlYW1XZWJBcHAiLCJyZWZlcnJhbFZpZXciOiJTaGFyZURpYWxvZy1MaW5rIiwicmVmZXJyYWxBcHBQbGF0Zm9ybSI6IldlYiIsInJlZmVycmFsTW9kZSI6InZpZXcifX0%3D&amp;e=xhfJKg\" target=\"_blank\" rel=\"noreferrer noopener\"><strong>Grabaci\u00f3n del evento :<\/strong> Video<\/a><\/p>\n\n\n\n<p class=\"has-primary-color has-text-color has-link-color wp-elements-f53d0f2000e7e509d3e7c91eff2b425b\"><\/p>\n\n\n\n<hr class=\"wp-block-separator has-alpha-channel-opacity is-style-dots\"\/>\n\n\n\n<p class=\"has-primary-color has-text-color has-link-color wp-elements-c283ea06e6491b6596db4e5c6c598a9e\"><br><\/p>\n\n\n\n<p><\/p>\n\n\n\n<hr class=\"wp-block-separator has-alpha-channel-opacity is-style-wide\"\/>\n\n\n\n<p><\/p>\n\n\n\n<p><br><\/p>\n\n\n\n<p><\/p>\n\n\n\n<h2 class=\"wp-block-heading has-medium-font-size\"><\/h2>\n\n\n\n<figure class=\"wp-block-image aligncenter size-large\"><img loading=\"lazy\" decoding=\"async\" width=\"1024\" height=\"724\" src=\"https:\/\/feimem.web.uah.es\/wp-content\/uploads\/2024\/01\/image-2-1024x724.png\" alt=\"\" class=\"wp-image-2954\" srcset=\"https:\/\/feimem.web.uah.es\/wp-content\/uploads\/2024\/01\/image-2-1024x724.png 1024w, https:\/\/feimem.web.uah.es\/wp-content\/uploads\/2024\/01\/image-2-300x212.png 300w, https:\/\/feimem.web.uah.es\/wp-content\/uploads\/2024\/01\/image-2-768x543.png 768w, https:\/\/feimem.web.uah.es\/wp-content\/uploads\/2024\/01\/image-2.png 1252w\" sizes=\"auto, (max-width: 1024px) 100vw, 1024px\" \/><\/figure>\n\n\n\n<figure class=\"wp-block-image aligncenter size-large\"><img loading=\"lazy\" decoding=\"async\" width=\"1024\" height=\"724\" src=\"https:\/\/feimem.web.uah.es\/wp-content\/uploads\/2024\/01\/Triptico-FEIMEM_pages-to-jpg-0002-1024x724.jpg\" alt=\"\" class=\"wp-image-2982\" srcset=\"https:\/\/feimem.web.uah.es\/wp-content\/uploads\/2024\/01\/Triptico-FEIMEM_pages-to-jpg-0002-1024x724.jpg 1024w, https:\/\/feimem.web.uah.es\/wp-content\/uploads\/2024\/01\/Triptico-FEIMEM_pages-to-jpg-0002-300x212.jpg 300w, https:\/\/feimem.web.uah.es\/wp-content\/uploads\/2024\/01\/Triptico-FEIMEM_pages-to-jpg-0002-768x543.jpg 768w, https:\/\/feimem.web.uah.es\/wp-content\/uploads\/2024\/01\/Triptico-FEIMEM_pages-to-jpg-0002-1536x1086.jpg 1536w, https:\/\/feimem.web.uah.es\/wp-content\/uploads\/2024\/01\/Triptico-FEIMEM_pages-to-jpg-0002-2048x1449.jpg 2048w\" sizes=\"auto, (max-width: 1024px) 100vw, 1024px\" \/><\/figure>\n","protected":false},"excerpt":{"rendered":"<p>TALLERES Y ACTIVIDADES Actividad 1: Apertura, presentaci\u00f3n, mesa redonda y debate Jornada de inicio de los seminarios del proyecto \u00abFEIMEM\u00bb. Fecha: 30 enero 2024 Hora: 12:00 a 14:00 Lugar: Sala de Conferencias Internacionales (Rectorado de la Universidad de Alcal\u00e1) Ponente: Sonia N\u00fa\u00f1ez, Catedr\u00e1tica de la Universidad Rey Juan CarlosMesa redonda con la Asociaci\u00f3n Guada ACOGE, [&hellip;]<\/p>\n","protected":false},"author":1,"featured_media":2674,"parent":0,"menu_order":0,"comment_status":"closed","ping_status":"closed","template":"","meta":{"_monsterinsights_skip_tracking":false,"_monsterinsights_sitenote_active":false,"_monsterinsights_sitenote_note":"","_monsterinsights_sitenote_category":0,"footnotes":""},"class_list":["post-2679","page","type-page","status-publish","has-post-thumbnail","hentry"],"_links":{"self":[{"href":"https:\/\/feimem.web.uah.es\/index.php\/wp-json\/wp\/v2\/pages\/2679","targetHints":{"allow":["GET"]}}],"collection":[{"href":"https:\/\/feimem.web.uah.es\/index.php\/wp-json\/wp\/v2\/pages"}],"about":[{"href":"https:\/\/feimem.web.uah.es\/index.php\/wp-json\/wp\/v2\/types\/page"}],"author":[{"embeddable":true,"href":"https:\/\/feimem.web.uah.es\/index.php\/wp-json\/wp\/v2\/users\/1"}],"replies":[{"embeddable":true,"href":"https:\/\/feimem.web.uah.es\/index.php\/wp-json\/wp\/v2\/comments?post=2679"}],"version-history":[{"count":46,"href":"https:\/\/feimem.web.uah.es\/index.php\/wp-json\/wp\/v2\/pages\/2679\/revisions"}],"predecessor-version":[{"id":3166,"href":"https:\/\/feimem.web.uah.es\/index.php\/wp-json\/wp\/v2\/pages\/2679\/revisions\/3166"}],"wp:featuredmedia":[{"embeddable":true,"href":"https:\/\/feimem.web.uah.es\/index.php\/wp-json\/wp\/v2\/media\/2674"}],"wp:attachment":[{"href":"https:\/\/feimem.web.uah.es\/index.php\/wp-json\/wp\/v2\/media?parent=2679"}],"curies":[{"name":"wp","href":"https:\/\/api.w.org\/{rel}","templated":true}]}}