{"id":3149,"date":"2024-06-06T11:04:00","date_gmt":"2024-06-06T09:04:00","guid":{"rendered":"https:\/\/feimem.web.uah.es\/?page_id=3149"},"modified":"2025-11-04T18:52:14","modified_gmt":"2025-11-04T17:52:14","slug":"memorias-feimem","status":"publish","type":"page","link":"https:\/\/feimem.web.uah.es\/index.php\/memorias-feimem\/","title":{"rendered":"Memorias FEIMEM"},"content":{"rendered":"\n<h3 class=\"wp-block-heading\"><\/h3>\n\n\n\n<div style=\"height:25px\" aria-hidden=\"true\" class=\"wp-block-spacer\"><\/div>\n\n\n\n<h4 class=\"wp-block-heading\">Formaci\u00f3n e Investigaci\u00f3n con\/para Mujeres Migrantes Hablantes de Lenguas de Menor Difusi\u00f3n<\/h4>\n\n\n\n<p>Las memorias del evento FEIMEM (Formaci\u00f3n e Investigaci\u00f3n con\/para Mujeres Migrantes Hablantes de Lenguas de Menor Difusi\u00f3n) reflejan un a\u00f1o lleno de aprendizajes, intercambios culturales y fortalecimiento de la comunidad. Durante el 2024, se llevaron a cabo cuatro encuentros que reunieron a mujeres migrantes de diversas regiones, con el objetivo de compartir conocimientos, experiencias y promover la inclusi\u00f3n de lenguas de menor difusi\u00f3n.<\/p>\n\n\n\n<div style=\"height:25px\" aria-hidden=\"true\" class=\"wp-block-spacer\"><\/div>\n\n\n\n<p>Las memorias del evento FEIMEM son un testimonio del poder de la comunidad y la importancia de la diversidad ling\u00fc\u00edstica. Este proyecto ha sido una plataforma para que las mujeres migrantes hablen con orgullo de sus lenguas maternas y trabajen juntas para su preservaci\u00f3n. Los encuentros realizados durante 2024 no solo han fortalecido el conocimiento y las habilidades de las participantes, sino que tambi\u00e9n han creado un espacio de apoyo y solidaridad que perdurar\u00e1 en el tiempo.<\/p>\n\n\n\n<p>Agradecemos a todas las participantes, facilitadoras, y colaboradores que hicieron posible este proyecto. Sigamos trabajando juntas para que todas las lenguas, sin importar su difusi\u00f3n, sean valoradas y preservadas para las futuras generaciones.<\/p>\n\n\n\n<p><\/p>\n\n\n\n<p><\/p>\n\n\n\n<figure class=\"wp-block-table\"><table class=\"has-fixed-layout\"><tbody><tr><td><strong>Actividad<\/strong><\/td><td><strong>Memoria<\/strong><\/td><td><strong>Grabaciones<\/strong><\/td><\/tr><tr><td><strong>Actividad 1: Apertura, presentaci\u00f3n, mesa redonda y debate<\/strong><\/td><td><a href=\"http:\/\/feimem.web.uah.es\/wp-content\/uploads\/2024\/06\/Memorias_-Presentacion_1_30_01_2024.pdf\" target=\"_blank\" rel=\"noreferrer noopener\">Visualizar Memoria<\/a><\/td><td><a href=\"https:\/\/universidaddealcala-my.sharepoint.com\/:v:\/g\/personal\/feimem_uah_es\/EXXS9B7ZlANLl21PsSO3IHABGwwcnZvWAWIcXxenRWK5LA?nav=eyJyZWZlcnJhbEluZm8iOnsicmVmZXJyYWxBcHAiOiJPbmVEcml2ZUZvckJ1c2luZXNzIiwicmVmZXJyYWxBcHBQbGF0Zm9ybSI6IldlYiIsInJlZmVycmFsTW9kZSI6InZpZXciLCJyZWZlcnJhbFZpZXciOiJNeUZpbGVzTGlua0NvcHkifX0&amp;e=vx8uND\" target=\"_blank\" rel=\"noreferrer noopener\">GRABACI\u00d3N<\/a><\/td><\/tr><tr><td><strong>Actividad 2 y Taller 1: Comunicaci\u00f3n con poblaci\u00f3n migrante. Taller dirigido a mujeres&nbsp;ucranianas.<\/strong><\/td><td rowspan=\"2\"><a href=\"http:\/\/feimem.web.uah.es\/wp-content\/uploads\/2024\/06\/Memorias_-Presentacion_2_21_02_2024.pdf\" target=\"_blank\" rel=\"noreferrer noopener\">Visualizar Memoria<\/a><\/td><td><a href=\"https:\/\/universidaddealcala-my.sharepoint.com\/:v:\/g\/personal\/feimem_uah_es\/ESNaRfOuKwxMnsTWyhK-h4AB5sKavuBeQHA-GidoC-jbuQ?nav=eyJyZWZlcnJhbEluZm8iOnsicmVmZXJyYWxBcHAiOiJPbmVEcml2ZUZvckJ1c2luZXNzIiwicmVmZXJyYWxBcHBQbGF0Zm9ybSI6IldlYiIsInJlZmVycmFsTW9kZSI6InZpZXciLCJyZWZlcnJhbFZpZXciOiJNeUZpbGVzTGlua0NvcHkifX0&amp;e=AbU5KB\" target=\"_blank\" rel=\"noreferrer noopener\">GRABACI\u00d3N<\/a><\/td><\/tr><tr><td><strong>Actividad 3 y Taller 2: Formas de comunicaci\u00f3n: Mediaci\u00f3n, Traducci\u00f3n e Interpretaci\u00f3n. Taller dirigido a mujeres&nbsp;afganas.<\/strong><\/td><td><a href=\"https:\/\/universidaddealcala-my.sharepoint.com\/:v:\/g\/personal\/feimem_uah_es\/EeIuoGs7PMpLp94VSCFkNUUB-0scEIH-bxhhUnFEaBXBuQ?nav=eyJyZWZlcnJhbEluZm8iOnsicmVmZXJyYWxBcHAiOiJPbmVEcml2ZUZvckJ1c2luZXNzIiwicmVmZXJyYWxBcHBQbGF0Zm9ybSI6IldlYiIsInJlZmVycmFsTW9kZSI6InZpZXciLCJyZWZlcnJhbFZpZXciOiJNeUZpbGVzTGlua0NvcHkifX0&amp;e=ESWcxd\" target=\"_blank\" rel=\"noreferrer noopener\">GRABACI\u00d3N<\/a><\/td><\/tr><tr><td><strong>Actividad 4 y Taller 3: C\u00f3digos de conducta. Gu\u00edas de la buena pr\u00e1ctica. Taller dirigido a mujeres&nbsp;\u00e1rabes.<\/strong><\/td><td rowspan=\"2\"><a href=\"http:\/\/feimem.web.uah.es\/wp-content\/uploads\/2024\/06\/Memorias_-Presentacion_3_10_04_2024.pdf\" target=\"_blank\" rel=\"noreferrer noopener\">Visualizar Memoria<\/a><\/td><td><a href=\"https:\/\/universidaddealcala-my.sharepoint.com\/:v:\/g\/personal\/silvia_damianova_uah_es\/EWSFyJnEU8xAgcuzNb51K58B1I715v_MZFfb59NKpTVPBA?e=OC8tvU&amp;nav=eyJyZWZlcnJhbEluZm8iOnsicmVmZXJyYWxBcHAiOiJTdHJlYW1XZWJBcHAiLCJyZWZlcnJhbFZpZXciOiJTaGFyZURpYWxvZy1MaW5rIiwicmVmZXJyYWxBcHBQbGF0Zm9ybSI6IldlYiIsInJlZmVycmFsTW9kZSI6InZpZXcifX0%3D\" target=\"_blank\" rel=\"noreferrer noopener\"><\/a><a href=\"https:\/\/universidaddealcala-my.sharepoint.com\/:v:\/g\/personal\/feimem_uah_es\/EQ3pX8LBAbFDhhLFNLg9PgcB3CZogG_hQ1OWUGZWUcjzyw?nav=eyJyZWZlcnJhbEluZm8iOnsicmVmZXJyYWxBcHAiOiJPbmVEcml2ZUZvckJ1c2luZXNzIiwicmVmZXJyYWxBcHBQbGF0Zm9ybSI6IldlYiIsInJlZmVycmFsTW9kZSI6InZpZXciLCJyZWZlcnJhbFZpZXciOiJNeUZpbGVzTGlua0NvcHkifX0&amp;e=AcYT6C\" target=\"_blank\" rel=\"noreferrer noopener\">GRABACI\u00d3N1<\/a><br><a href=\"https:\/\/universidaddealcala-my.sharepoint.com\/:v:\/g\/personal\/feimem_uah_es\/EcQ8HFZFJHdHkjbv4QCVJ6kBqcdXHTafpBDC5-AZ-7_njg?nav=eyJyZWZlcnJhbEluZm8iOnsicmVmZXJyYWxBcHAiOiJPbmVEcml2ZUZvckJ1c2luZXNzIiwicmVmZXJyYWxBcHBQbGF0Zm9ybSI6IldlYiIsInJlZmVycmFsTW9kZSI6InZpZXciLCJyZWZlcnJhbFZpZXciOiJNeUZpbGVzTGlua0NvcHkifX0&amp;e=pYocRg\" target=\"_blank\" rel=\"noreferrer noopener\">GRABACI\u00d3N2 <\/a><\/td><\/tr><tr><td><strong>Actividad 5 y Taller 4: Mediaci\u00f3n social, estrategias para la convivencia y actuar en situaciones conflictivas y gesti\u00f3n de emociones y trabajo en equipo. Taller dirigido a mujeres&nbsp;africanas.<\/strong><\/td><td><a href=\"https:\/\/universidaddealcala-my.sharepoint.com\/:v:\/g\/personal\/silvia_damianova_uah_es\/ETa-q9Edc2JCpCwI6MmnXIQBtWIxDP6sIbmxFIFgXLPxyQ?e=bR0JBi&amp;nav=eyJyZWZlcnJhbEluZm8iOnsicmVmZXJyYWxBcHAiOiJTdHJlYW1XZWJBcHAiLCJyZWZlcnJhbFZpZXciOiJTaGFyZURpYWxvZy1MaW5rIiwicmVmZXJyYWxBcHBQbGF0Zm9ybSI6IldlYiIsInJlZmVycmFsTW9kZSI6InZpZXcifX0%3D\" target=\"_blank\" rel=\"noreferrer noopener\"><\/a><a href=\"https:\/\/universidaddealcala-my.sharepoint.com\/:v:\/g\/personal\/feimem_uah_es\/ETbTiBlz00dGu-skTCq5vPcBEV6JVXWEoDDBdW1LJappHg?nav=eyJyZWZlcnJhbEluZm8iOnsicmVmZXJyYWxBcHAiOiJPbmVEcml2ZUZvckJ1c2luZXNzIiwicmVmZXJyYWxBcHBQbGF0Zm9ybSI6IldlYiIsInJlZmVycmFsTW9kZSI6InZpZXciLCJyZWZlcnJhbFZpZXciOiJNeUZpbGVzTGlua0NvcHkifX0&amp;e=4Q8C3e\" target=\"_blank\" rel=\"noreferrer noopener\">GRABACI\u00d3N3<\/a><br><a href=\"https:\/\/universidaddealcala-my.sharepoint.com\/:v:\/g\/personal\/feimem_uah_es\/EcgBMQMMj39HoR7zOMQcFisBWYhKWrxNzQMhy8f3NOvaoA?nav=eyJyZWZlcnJhbEluZm8iOnsicmVmZXJyYWxBcHAiOiJPbmVEcml2ZUZvckJ1c2luZXNzIiwicmVmZXJyYWxBcHBQbGF0Zm9ybSI6IldlYiIsInJlZmVycmFsTW9kZSI6InZpZXciLCJyZWZlcnJhbFZpZXciOiJNeUZpbGVzTGlua0NvcHkifX0&amp;e=qj8zgD\" data-type=\"link\" data-id=\"https:\/\/universidaddealcala-my.sharepoint.com\/:v:\/g\/personal\/feimem_uah_es\/EcgBMQMMj39HoR7zOMQcFisBWYhKWrxNzQMhy8f3NOvaoA?nav=eyJyZWZlcnJhbEluZm8iOnsicmVmZXJyYWxBcHAiOiJPbmVEcml2ZUZvckJ1c2luZXNzIiwicmVmZXJyYWxBcHBQbGF0Zm9ybSI6IldlYiIsInJlZmVycmFsTW9kZSI6InZpZXciLCJyZWZlcnJhbFZpZXciOiJNeUZpbGVzTGlua0NvcHkifX0&amp;e=qj8zgD\" target=\"_blank\" rel=\"noreferrer noopener\">GRABACI\u00d3N4 <\/a><\/td><\/tr><tr><td><strong>Clausura<\/strong>:&nbsp;<strong>Seminario y debate<\/strong><strong><\/strong><\/td><td><a href=\"http:\/\/feimem.web.uah.es\/wp-content\/uploads\/2024\/06\/Memorias_-Presentacion_4_22_05_2024.pdf\" target=\"_blank\" rel=\"noreferrer noopener\">Visualizar Memoria<\/a><\/td><td><a href=\"https:\/\/universidaddealcala-my.sharepoint.com\/:v:\/g\/personal\/feimem_uah_es\/EVuCfOluPmtMgs2sqK4iWZ8B1ADQ0q8OXYFnQrPLaYUWmA?nav=eyJyZWZlcnJhbEluZm8iOnsicmVmZXJyYWxBcHAiOiJPbmVEcml2ZUZvckJ1c2luZXNzIiwicmVmZXJyYWxBcHBQbGF0Zm9ybSI6IldlYiIsInJlZmVycmFsTW9kZSI6InZpZXciLCJyZWZlcnJhbFZpZXciOiJNeUZpbGVzTGlua0NvcHkifX0&amp;e=HbJ5vn\" data-type=\"link\" data-id=\"https:\/\/universidaddealcala-my.sharepoint.com\/:v:\/g\/personal\/feimem_uah_es\/EVuCfOluPmtMgs2sqK4iWZ8B1ADQ0q8OXYFnQrPLaYUWmA?nav=eyJyZWZlcnJhbEluZm8iOnsicmVmZXJyYWxBcHAiOiJPbmVEcml2ZUZvckJ1c2luZXNzIiwicmVmZXJyYWxBcHBQbGF0Zm9ybSI6IldlYiIsInJlZmVycmFsTW9kZSI6InZpZXciLCJyZWZlcnJhbFZpZXciOiJNeUZpbGVzTGlua0NvcHkifX0&amp;e=HbJ5vn\" target=\"_blank\" rel=\"noreferrer noopener\">GRABACI\u00d3N<\/a><\/td><\/tr><\/tbody><\/table><\/figure>\n\n\n\n<p><\/p>\n\n\n\n<p><\/p>\n\n\n\n<p><\/p>\n\n\n\n<p><\/p>\n\n\n\n<div class=\"wp-block-group is-layout-constrained wp-block-group-is-layout-constrained\"><\/div>\n","protected":false},"excerpt":{"rendered":"<p>Formaci\u00f3n e Investigaci\u00f3n con\/para Mujeres Migrantes Hablantes de Lenguas de Menor Difusi\u00f3n Las memorias del evento FEIMEM (Formaci\u00f3n e Investigaci\u00f3n con\/para Mujeres Migrantes Hablantes de Lenguas de Menor Difusi\u00f3n) reflejan un a\u00f1o lleno de aprendizajes, intercambios culturales y fortalecimiento de la comunidad. Durante el 2024, se llevaron a cabo cuatro encuentros que reunieron a mujeres [&hellip;]<\/p>\n","protected":false},"author":1,"featured_media":0,"parent":0,"menu_order":0,"comment_status":"closed","ping_status":"closed","template":"","meta":{"_monsterinsights_skip_tracking":false,"_monsterinsights_sitenote_active":false,"_monsterinsights_sitenote_note":"","_monsterinsights_sitenote_category":0,"footnotes":""},"class_list":["post-3149","page","type-page","status-publish","hentry"],"_links":{"self":[{"href":"https:\/\/feimem.web.uah.es\/index.php\/wp-json\/wp\/v2\/pages\/3149","targetHints":{"allow":["GET"]}}],"collection":[{"href":"https:\/\/feimem.web.uah.es\/index.php\/wp-json\/wp\/v2\/pages"}],"about":[{"href":"https:\/\/feimem.web.uah.es\/index.php\/wp-json\/wp\/v2\/types\/page"}],"author":[{"embeddable":true,"href":"https:\/\/feimem.web.uah.es\/index.php\/wp-json\/wp\/v2\/users\/1"}],"replies":[{"embeddable":true,"href":"https:\/\/feimem.web.uah.es\/index.php\/wp-json\/wp\/v2\/comments?post=3149"}],"version-history":[{"count":10,"href":"https:\/\/feimem.web.uah.es\/index.php\/wp-json\/wp\/v2\/pages\/3149\/revisions"}],"predecessor-version":[{"id":3198,"href":"https:\/\/feimem.web.uah.es\/index.php\/wp-json\/wp\/v2\/pages\/3149\/revisions\/3198"}],"wp:attachment":[{"href":"https:\/\/feimem.web.uah.es\/index.php\/wp-json\/wp\/v2\/media?parent=3149"}],"curies":[{"name":"wp","href":"https:\/\/api.w.org\/{rel}","templated":true}]}}